{"id":37228,"date":"2024-06-12T19:07:54","date_gmt":"2024-06-12T19:07:54","guid":{"rendered":"http:\/\/yemayamarrakech.com\/?page_id=37228"},"modified":"2024-07-04T14:23:26","modified_gmt":"2024-07-04T14:23:26","slug":"nos-packages","status":"publish","type":"page","link":"https:\/\/yemayamarrakech.com\/en\/nos-packages\/","title":{"rendered":"Our packages"},"content":{"rendered":"<div data-elementor-type=\"wp-page\" data-elementor-id=\"37228\" class=\"elementor elementor-37228\">\n\t\t\t\t\t\t<section class=\"elementor-section elementor-top-section elementor-element elementor-element-8d0175c elementor-section-boxed elementor-section-height-default elementor-section-height-default sc_fly_static\" data-id=\"8d0175c\" data-element_type=\"section\">\n\t\t\t\t\t\t<div class=\"elementor-container elementor-column-gap-extended\">\n\t\t\t\t\t<div class=\"elementor-column elementor-col-100 elementor-top-column elementor-element elementor-element-b6ae90f sc_inner_width_none sc_content_align_inherit sc_layouts_column_icons_position_left sc_fly_static\" data-id=\"b6ae90f\" data-element_type=\"column\">\n\t\t\t<div class=\"elementor-widget-wrap elementor-element-populated\">\n\t\t\t\t\t\t<div class=\"elementor-element elementor-element-1e1f4e4 sc_fly_static elementor-widget elementor-widget-spacer\" data-id=\"1e1f4e4\" data-element_type=\"widget\" data-widget_type=\"spacer.default\">\n\t\t\t\t<div class=\"elementor-widget-container\">\n\t\t\t\t\t<div class=\"elementor-spacer\">\n\t\t\t<div class=\"elementor-spacer-inner\"><\/div>\n\t\t<\/div>\n\t\t\t\t<\/div>\n\t\t\t\t<\/div>\n\t\t\t\t<div class=\"elementor-element elementor-element-cc48147 sc_fly_static elementor-widget elementor-widget-trx_sc_title\" data-id=\"cc48147\" data-element_type=\"widget\" data-widget_type=\"trx_sc_title.default\">\n\t\t\t\t<div class=\"elementor-widget-container\">\n\t\t\t<div\t\tclass=\"sc_title sc_title_default\" ><h2 class=\"sc_item_title sc_title_title sc_align_center sc_item_title_style_default sc_item_title_tag\"\n\t\t\t><span class=\"sc_item_title_text\">Our packages<\/span><\/h2><\/div>\t\t<\/div>\n\t\t\t\t<\/div>\n\t\t\t\t<div class=\"elementor-element elementor-element-7eee271 sc_fly_static elementor-widget elementor-widget-spacer\" data-id=\"7eee271\" data-element_type=\"widget\" data-widget_type=\"spacer.default\">\n\t\t\t\t<div class=\"elementor-widget-container\">\n\t\t\t\t\t<div class=\"elementor-spacer\">\n\t\t\t<div class=\"elementor-spacer-inner\"><\/div>\n\t\t<\/div>\n\t\t\t\t<\/div>\n\t\t\t\t<\/div>\n\t\t\t\t<div class=\"elementor-element elementor-element-196650e sc_fly_static elementor-widget elementor-widget-trx_sc_services\" data-id=\"196650e\" data-element_type=\"widget\" data-widget_type=\"trx_sc_services.default\">\n\t\t\t\t<div class=\"elementor-widget-container\">\n\t\t\t<div class=\"sc_services sc_services_qw-card sc_services_featured_top\"><div class=\"sc_services_columns_wrap sc_item_columns sc_item_posts_container sc_item_columns_2 trx_addons_columns_wrap columns_padding_bottom columns_in_single_row\"><div class=\"trx_addons_column-1_2\"><div data-post-id=\"37103\" class=\"sc_services_item sc_item_container post_container with_content sc_services_item_featured_none post-37103 cpt_services type-cpt_services status-publish hentry cpt_services_group-signature\" data-item-number=\"1\"\n>\n\t\t\n\n\t\t<div class=\"sc_services_item_header\">\n\t\t<h4 class=\"sc_services_item_title entry-title with_price\"><a href=\"https:\/\/yemayamarrakech.com\/en\/services\/serinite-apaisante\/\">SOOTHING SERINITY<div class=\"sc_services_item_price\">2H \/ 1300 MAD<\/div><\/a><\/h4>\n\t\t\t\t\t<\/div>\n\t\t\t\t<div class=\"sc_services_item_info\">\t\t\t\t<div class=\"sc_services_item_text\"><p>Traditional, Oriental or Enchanted Softness Hammam + a classic massage of your choice <\/p>\n<\/div><\/div><a class=\"sc_services_item_link\" href=\"https:\/\/yemayamarrakech.com\/en\/services\/serinite-apaisante\/\"><\/a><\/div>\n<\/div><div class=\"trx_addons_column-1_2\"><div data-post-id=\"37104\" class=\"sc_services_item sc_item_container post_container with_content sc_services_item_featured_none post-37104 cpt_services type-cpt_services status-publish hentry cpt_services_group-signature\" data-item-number=\"2\"\n>\n\t\t\n\n\t\t<div class=\"sc_services_item_header\">\n\t\t<h4 class=\"sc_services_item_title entry-title with_price\"><a href=\"https:\/\/yemayamarrakech.com\/en\/services\/beaute-bien-etre\/\">BEAUTY WELL-BEING<div class=\"sc_services_item_price\">2H \/ 1600 MAD<\/div><\/a><\/h4>\n\t\t\t\t\t<\/div>\n\t\t\t\t<div class=\"sc_services_item_info\">\t\t\t\t<div class=\"sc_services_item_text\"><p>Classic massage of your choice + purifying facial treatment or Radiance boost<\/p>\n<\/div><\/div><a class=\"sc_services_item_link\" href=\"https:\/\/yemayamarrakech.com\/en\/services\/beaute-bien-etre\/\"><\/a><\/div>\n<\/div><\/div><\/div>\t\t<\/div>\n\t\t\t\t<\/div>\n\t\t\t\t<div class=\"elementor-element elementor-element-adb9c4c sc_fly_static elementor-widget elementor-widget-spacer\" data-id=\"adb9c4c\" data-element_type=\"widget\" data-widget_type=\"spacer.default\">\n\t\t\t\t<div class=\"elementor-widget-container\">\n\t\t\t\t\t<div class=\"elementor-spacer\">\n\t\t\t<div class=\"elementor-spacer-inner\"><\/div>\n\t\t<\/div>\n\t\t\t\t<\/div>\n\t\t\t\t<\/div>\n\t\t\t\t\t<\/div>\n\t\t<\/div>\n\t\t\t\t\t<\/div>\n\t\t<\/section>\n\t\t\t\t<\/div>","protected":false},"excerpt":{"rendered":"<p>Nos packages SERINIT\u00c9 APAISANTE2H \/ 1300 MAD Hammam Traditionnel, Oriental ou Douceur Enchant\u00e9e + un massage classique au choix BEAUT\u00c9 BIEN-\u00caTRE2H \/ 1600 MAD Massage classique au choix + soin&hellip;<\/p>","protected":false},"author":1,"featured_media":0,"parent":0,"menu_order":0,"comment_status":"closed","ping_status":"closed","template":"","meta":{"footnotes":""},"class_list":["post-37228","page","type-page","status-publish","hentry"],"_links":{"self":[{"href":"https:\/\/yemayamarrakech.com\/en\/wp-json\/wp\/v2\/pages\/37228","targetHints":{"allow":["GET"]}}],"collection":[{"href":"https:\/\/yemayamarrakech.com\/en\/wp-json\/wp\/v2\/pages"}],"about":[{"href":"https:\/\/yemayamarrakech.com\/en\/wp-json\/wp\/v2\/types\/page"}],"author":[{"embeddable":true,"href":"https:\/\/yemayamarrakech.com\/en\/wp-json\/wp\/v2\/users\/1"}],"replies":[{"embeddable":true,"href":"https:\/\/yemayamarrakech.com\/en\/wp-json\/wp\/v2\/comments?post=37228"}],"version-history":[{"count":13,"href":"https:\/\/yemayamarrakech.com\/en\/wp-json\/wp\/v2\/pages\/37228\/revisions"}],"predecessor-version":[{"id":37377,"href":"https:\/\/yemayamarrakech.com\/en\/wp-json\/wp\/v2\/pages\/37228\/revisions\/37377"}],"wp:attachment":[{"href":"https:\/\/yemayamarrakech.com\/en\/wp-json\/wp\/v2\/media?parent=37228"}],"curies":[{"name":"wp","href":"https:\/\/api.w.org\/{rel}","templated":true}]}}