{"id":37180,"date":"2024-04-18T14:44:45","date_gmt":"2024-04-18T14:44:45","guid":{"rendered":"http:\/\/yemayamarrakech.com\/?page_id=37180"},"modified":"2024-07-04T14:21:36","modified_gmt":"2024-07-04T14:21:36","slug":"nos-massages-classiques","status":"publish","type":"page","link":"https:\/\/yemayamarrakech.com\/en\/bienvenueauyemayaspavotre-sanctuairedeserenite\/nos-massages-classiques\/","title":{"rendered":"Nos massages classiques"},"content":{"rendered":"<div data-elementor-type=\"wp-page\" data-elementor-id=\"37180\" class=\"elementor elementor-37180\">\n\t\t\t\t\t\t<section class=\"elementor-section elementor-top-section elementor-element elementor-element-8471a8f elementor-section-boxed elementor-section-height-default elementor-section-height-default sc_fly_static\" data-id=\"8471a8f\" data-element_type=\"section\">\n\t\t\t\t\t\t<div class=\"elementor-container elementor-column-gap-extended\">\n\t\t\t\t\t<div class=\"elementor-column elementor-col-100 elementor-top-column elementor-element elementor-element-3bca0f3 sc_inner_width_none sc_content_align_inherit sc_layouts_column_icons_position_left sc_fly_static\" data-id=\"3bca0f3\" data-element_type=\"column\">\n\t\t\t<div class=\"elementor-widget-wrap elementor-element-populated\">\n\t\t\t\t\t\t<div class=\"elementor-element elementor-element-ff199a7 sc_height_huge sc_fly_static elementor-widget elementor-widget-spacer\" data-id=\"ff199a7\" data-element_type=\"widget\" data-widget_type=\"spacer.default\">\n\t\t\t\t<div class=\"elementor-widget-container\">\n\t\t\t\t\t<div class=\"elementor-spacer\">\n\t\t\t<div class=\"elementor-spacer-inner\"><\/div>\n\t\t<\/div>\n\t\t\t\t<\/div>\n\t\t\t\t<\/div>\n\t\t\t\t<div class=\"elementor-element elementor-element-80b6510 sc_height_huge sc_fly_static elementor-widget elementor-widget-spacer\" data-id=\"80b6510\" data-element_type=\"widget\" data-widget_type=\"spacer.default\">\n\t\t\t\t<div class=\"elementor-widget-container\">\n\t\t\t\t\t<div class=\"elementor-spacer\">\n\t\t\t<div class=\"elementor-spacer-inner\"><\/div>\n\t\t<\/div>\n\t\t\t\t<\/div>\n\t\t\t\t<\/div>\n\t\t\t\t\t<\/div>\n\t\t<\/div>\n\t\t\t\t\t<\/div>\n\t\t<\/section>\n\t\t\t\t<section class=\"elementor-section elementor-top-section elementor-element elementor-element-6e5434e elementor-section-boxed elementor-section-height-default elementor-section-height-default sc_fly_static\" data-id=\"6e5434e\" data-element_type=\"section\" data-settings=\"{&quot;background_background&quot;:&quot;classic&quot;}\">\n\t\t\t\t\t\t<div class=\"elementor-container elementor-column-gap-extended\">\n\t\t\t\t\t<div class=\"elementor-column elementor-col-100 elementor-top-column elementor-element elementor-element-87fd0be sc_inner_width_none sc_content_align_inherit sc_layouts_column_icons_position_left sc_fly_static\" data-id=\"87fd0be\" data-element_type=\"column\">\n\t\t\t<div class=\"elementor-widget-wrap elementor-element-populated\">\n\t\t\t\t\t\t<div class=\"elementor-element elementor-element-ebcea60 sc_height_huge sc_fly_static elementor-widget elementor-widget-spacer\" data-id=\"ebcea60\" data-element_type=\"widget\" data-widget_type=\"spacer.default\">\n\t\t\t\t<div class=\"elementor-widget-container\">\n\t\t\t\t\t<div class=\"elementor-spacer\">\n\t\t\t<div class=\"elementor-spacer-inner\"><\/div>\n\t\t<\/div>\n\t\t\t\t<\/div>\n\t\t\t\t<\/div>\n\t\t\t\t<div class=\"elementor-element elementor-element-3c6b0aa sc_fly_static elementor-widget elementor-widget-trx_sc_title\" data-id=\"3c6b0aa\" data-element_type=\"widget\" data-widget_type=\"trx_sc_title.default\">\n\t\t\t\t<div class=\"elementor-widget-container\">\n\t\t\t<div\t\tclass=\"sc_title sc_title_default\" ><h2 class=\"sc_item_title sc_title_title sc_align_center sc_item_title_style_default sc_item_title_tag\"\n\t\t\t><span class=\"sc_item_title_text\">OUR CLASSIC MASSAGES<\/span><\/h2><\/div>\t\t<\/div>\n\t\t\t\t<\/div>\n\t\t\t\t<div class=\"elementor-element elementor-element-e698ccb sc_height_huge sc_fly_static elementor-widget elementor-widget-spacer\" data-id=\"e698ccb\" data-element_type=\"widget\" data-widget_type=\"spacer.default\">\n\t\t\t\t<div class=\"elementor-widget-container\">\n\t\t\t\t\t<div class=\"elementor-spacer\">\n\t\t\t<div class=\"elementor-spacer-inner\"><\/div>\n\t\t<\/div>\n\t\t\t\t<\/div>\n\t\t\t\t<\/div>\n\t\t\t\t<div class=\"elementor-element elementor-element-b93744d sc_height_small sc_fly_static elementor-widget elementor-widget-spacer\" data-id=\"b93744d\" data-element_type=\"widget\" data-widget_type=\"spacer.default\">\n\t\t\t\t<div class=\"elementor-widget-container\">\n\t\t\t\t\t<div class=\"elementor-spacer\">\n\t\t\t<div class=\"elementor-spacer-inner\"><\/div>\n\t\t<\/div>\n\t\t\t\t<\/div>\n\t\t\t\t<\/div>\n\t\t\t\t<div class=\"elementor-element elementor-element-6b3b09d animation_type_sequental sc_fly_static elementor-invisible elementor-widget elementor-widget-trx_sc_services\" data-id=\"6b3b09d\" data-element_type=\"widget\" data-settings=\"{&quot;_animation&quot;:&quot;zensoul-fadeinup&quot;,&quot;_animation_delay&quot;:100}\" data-widget_type=\"trx_sc_services.default\">\n\t\t\t\t<div class=\"elementor-widget-container\">\n\t\t\t<div class=\"sc_services color_style_dark sc_services_qw-card sc_services_featured_top\"><div class=\"sc_services_columns_wrap sc_item_columns sc_item_posts_container sc_item_columns_2 trx_addons_columns_wrap columns_padding_bottom\"><div class=\"trx_addons_column-1_2\"><div data-post-id=\"948\" class=\"sc_services_item sc_item_container post_container with_content sc_services_item_featured_none post-948 cpt_services type-cpt_services status-publish has-post-thumbnail hentry cpt_services_group-coaching\" data-item-number=\"1\"\n>\n\t\t\n\n\t\t<div class=\"sc_services_item_header\">\n\t\t<h4 class=\"sc_services_item_title entry-title with_price\"><a href=\"https:\/\/yemayamarrakech.com\/en\/services\/aromatheraphy\/\">BACK MASSAGE &amp; LEG AND FEET MASSAGE<div class=\"sc_services_item_price\">30-30mn \/ 890 MAD<\/div><\/a><\/h4>\n\t\t\t\t\t<\/div>\n\t\t\t\t<div class=\"sc_services_item_info\">\t\t\t\t<div class=\"sc_services_item_text\"><p>Explore our harmonious and balanced fusion for total relaxation of the back, legs and feet. Release accumulated tension, promote deep relaxation and relieve the feeling of heavy legs<\/p>\n<\/div><\/div><a class=\"sc_services_item_link\" href=\"https:\/\/yemayamarrakech.com\/en\/services\/aromatheraphy\/\"><\/a><\/div>\n<\/div><div class=\"trx_addons_column-1_2\"><div data-post-id=\"949\" class=\"sc_services_item sc_item_container post_container with_content sc_services_item_featured_none post-949 cpt_services type-cpt_services status-publish has-post-thumbnail hentry cpt_services_group-coaching\" data-item-number=\"2\"\n>\n\t\t\n\n\t\t<div class=\"sc_services_item_header\">\n\t\t<h4 class=\"sc_services_item_title entry-title with_price\"><a href=\"https:\/\/yemayamarrakech.com\/en\/services\/meditation\/\">FACE MASSAGE AND SCALP &amp; REFLEXOLOGY<div class=\"sc_services_item_price\">30-30mn \/ 890 MAD<\/div><\/a><\/h4>\n\t\t\t\t\t<\/div>\n\t\t\t\t<div class=\"sc_services_item_info\">\t\t\t\t<div class=\"sc_services_item_text\"><p>Immerse yourself in an exclusive, perfect fusion for head-to-toe relaxation. Stimulates circulation, reduces stress and restores energy balance.<\/p>\n<\/div><\/div><a class=\"sc_services_item_link\" href=\"https:\/\/yemayamarrakech.com\/en\/services\/meditation\/\"><\/a><\/div>\n<\/div><div class=\"trx_addons_column-1_2\"><div data-post-id=\"950\" class=\"sc_services_item sc_item_container post_container with_content sc_services_item_featured_none post-950 cpt_services type-cpt_services status-publish has-post-thumbnail hentry cpt_services_group-coaching\" data-item-number=\"3\"\n>\n\t\t\n\n\t\t<div class=\"sc_services_item_header\">\n\t\t<h4 class=\"sc_services_item_title entry-title with_price\"><a href=\"https:\/\/yemayamarrakech.com\/en\/services\/fitness\/\">GENTLE MASSAGE FOR PREGNANT WOMEN<div class=\"sc_services_item_price\">60mn \/ 890MAD<\/div><\/a><\/h4>\n\t\t\t\t\t<\/div>\n\t\t\t\t<div class=\"sc_services_item_info\">\t\t\t\t<div class=\"sc_services_item_text\"><p>Enjoy a soothing experience designed specifically to relieve muscle tension and promote well-being during pregnancy. A delicate treatment adapted to this unique period of your life.<\/p>\n<\/div><\/div><a class=\"sc_services_item_link\" href=\"https:\/\/yemayamarrakech.com\/en\/services\/fitness\/\"><\/a><\/div>\n<\/div><div class=\"trx_addons_column-1_2\"><div data-post-id=\"951\" class=\"sc_services_item sc_item_container post_container with_content sc_services_item_featured_none post-951 cpt_services type-cpt_services status-publish has-post-thumbnail hentry cpt_services_group-coaching\" data-item-number=\"4\"\n>\n\t\t\n\n\t\t<div class=\"sc_services_item_header\">\n\t\t<h4 class=\"sc_services_item_title entry-title with_price\"><a href=\"https:\/\/yemayamarrakech.com\/en\/services\/diet\/\">HOT OIL MASSAGE<div class=\"sc_services_item_price\">60mn \/ 890 MAD<\/div><\/a><\/h4>\n\t\t\t\t\t<\/div>\n\t\t\t\t<div class=\"sc_services_item_info\">\t\t\t\t<div class=\"sc_services_item_text\"><p>Discover our hot oil massage for deep relaxation. Our preheated oils soothe muscles, promote relaxation and provide instant well-being.<\/p>\n<\/div><\/div><a class=\"sc_services_item_link\" href=\"https:\/\/yemayamarrakech.com\/en\/services\/diet\/\"><\/a><\/div>\n<\/div><div class=\"trx_addons_column-1_2\"><div data-post-id=\"4569\" class=\"sc_services_item sc_item_container post_container with_content sc_services_item_featured_none post-4569 cpt_services type-cpt_services status-publish has-post-thumbnail hentry cpt_services_group-coaching\" data-item-number=\"5\"\n>\n\t\t\n\n\t\t<div class=\"sc_services_item_header\">\n\t\t<h4 class=\"sc_services_item_title entry-title with_price\"><a href=\"https:\/\/yemayamarrakech.com\/en\/services\/relaxing-aromatherapy\/\">AROMATHERAPY MASSAGE<div class=\"sc_services_item_price\">60mn \/ 890 MAD<\/div><\/a><\/h4>\n\t\t\t\t\t<\/div>\n\t\t\t\t<div class=\"sc_services_item_info\">\t\t\t\t<div class=\"sc_services_item_text\"><p>Experience supreme relaxation with our aromatherapy massage using quality essential oils, total relaxation guaranteed.<\/p>\n<\/div><\/div><a class=\"sc_services_item_link\" href=\"https:\/\/yemayamarrakech.com\/en\/services\/relaxing-aromatherapy\/\"><\/a><\/div>\n<\/div><\/div><\/div>\t\t<\/div>\n\t\t\t\t<\/div>\n\t\t\t\t<div class=\"elementor-element elementor-element-a57a84e sc_height_huge sc_fly_static elementor-widget elementor-widget-spacer\" data-id=\"a57a84e\" data-element_type=\"widget\" data-widget_type=\"spacer.default\">\n\t\t\t\t<div class=\"elementor-widget-container\">\n\t\t\t\t\t<div class=\"elementor-spacer\">\n\t\t\t<div class=\"elementor-spacer-inner\"><\/div>\n\t\t<\/div>\n\t\t\t\t<\/div>\n\t\t\t\t<\/div>\n\t\t\t\t\t<\/div>\n\t\t<\/div>\n\t\t\t\t\t<\/div>\n\t\t<\/section>\n\t\t\t\t<\/div>","protected":false},"excerpt":{"rendered":"<p>NOS MASSAGES CLASSIQUES MASSAGE DORSAL &amp; MASSAGE JAMBES ET PIEDS30-30mn \/ 890 MAD Explorez notre fusion harmonieuse et \u00e9quilibr\u00e9epour une relaxation totale du dos, des jambes et des pieds. Lib\u00e9rez&hellip;<\/p>","protected":false},"author":1,"featured_media":0,"parent":34071,"menu_order":0,"comment_status":"closed","ping_status":"closed","template":"","meta":{"footnotes":""},"class_list":["post-37180","page","type-page","status-publish","hentry"],"_links":{"self":[{"href":"https:\/\/yemayamarrakech.com\/en\/wp-json\/wp\/v2\/pages\/37180","targetHints":{"allow":["GET"]}}],"collection":[{"href":"https:\/\/yemayamarrakech.com\/en\/wp-json\/wp\/v2\/pages"}],"about":[{"href":"https:\/\/yemayamarrakech.com\/en\/wp-json\/wp\/v2\/types\/page"}],"author":[{"embeddable":true,"href":"https:\/\/yemayamarrakech.com\/en\/wp-json\/wp\/v2\/users\/1"}],"replies":[{"embeddable":true,"href":"https:\/\/yemayamarrakech.com\/en\/wp-json\/wp\/v2\/comments?post=37180"}],"version-history":[{"count":16,"href":"https:\/\/yemayamarrakech.com\/en\/wp-json\/wp\/v2\/pages\/37180\/revisions"}],"predecessor-version":[{"id":37371,"href":"https:\/\/yemayamarrakech.com\/en\/wp-json\/wp\/v2\/pages\/37180\/revisions\/37371"}],"up":[{"embeddable":true,"href":"https:\/\/yemayamarrakech.com\/en\/wp-json\/wp\/v2\/pages\/34071"}],"wp:attachment":[{"href":"https:\/\/yemayamarrakech.com\/en\/wp-json\/wp\/v2\/media?parent=37180"}],"curies":[{"name":"wp","href":"https:\/\/api.w.org\/{rel}","templated":true}]}}