{"id":37179,"date":"2024-04-18T14:44:30","date_gmt":"2024-04-18T14:44:30","guid":{"rendered":"http:\/\/yemayamarrakech.com\/?page_id=37179"},"modified":"2024-07-06T16:59:26","modified_gmt":"2024-07-06T16:59:26","slug":"nos-soins-de-visage","status":"publish","type":"page","link":"https:\/\/yemayamarrakech.com\/en\/bienvenueauyemayaspavotre-sanctuairedeserenite\/nos-soins-de-visage\/","title":{"rendered":"Nos soins de visage"},"content":{"rendered":"<div data-elementor-type=\"wp-page\" data-elementor-id=\"37179\" class=\"elementor elementor-37179\">\n\t\t\t\t\t\t<section class=\"elementor-section elementor-top-section elementor-element elementor-element-97e829b elementor-section-boxed elementor-section-height-default elementor-section-height-default sc_fly_static\" data-id=\"97e829b\" data-element_type=\"section\">\n\t\t\t\t\t\t<div class=\"elementor-container elementor-column-gap-extended\">\n\t\t\t\t\t<div class=\"elementor-column elementor-col-100 elementor-top-column elementor-element elementor-element-44fdbfd sc_inner_width_none sc_content_align_inherit sc_layouts_column_icons_position_left sc_fly_static\" data-id=\"44fdbfd\" data-element_type=\"column\">\n\t\t\t<div class=\"elementor-widget-wrap elementor-element-populated\">\n\t\t\t\t\t\t<div class=\"elementor-element elementor-element-f4d6338 sc_height_huge sc_fly_static elementor-widget elementor-widget-spacer\" data-id=\"f4d6338\" data-element_type=\"widget\" data-widget_type=\"spacer.default\">\n\t\t\t\t<div class=\"elementor-widget-container\">\n\t\t\t\t\t<div class=\"elementor-spacer\">\n\t\t\t<div class=\"elementor-spacer-inner\"><\/div>\n\t\t<\/div>\n\t\t\t\t<\/div>\n\t\t\t\t<\/div>\n\t\t\t\t<div class=\"elementor-element elementor-element-c653b13 sc_height_huge sc_fly_static elementor-widget elementor-widget-spacer\" data-id=\"c653b13\" data-element_type=\"widget\" data-widget_type=\"spacer.default\">\n\t\t\t\t<div class=\"elementor-widget-container\">\n\t\t\t\t\t<div class=\"elementor-spacer\">\n\t\t\t<div class=\"elementor-spacer-inner\"><\/div>\n\t\t<\/div>\n\t\t\t\t<\/div>\n\t\t\t\t<\/div>\n\t\t\t\t\t<\/div>\n\t\t<\/div>\n\t\t\t\t\t<\/div>\n\t\t<\/section>\n\t\t\t\t<section class=\"elementor-section elementor-top-section elementor-element elementor-element-33476bc elementor-section-boxed elementor-section-height-default elementor-section-height-default sc_fly_static\" data-id=\"33476bc\" data-element_type=\"section\" data-settings=\"{&quot;background_background&quot;:&quot;classic&quot;}\">\n\t\t\t\t\t\t<div class=\"elementor-container elementor-column-gap-extended\">\n\t\t\t\t\t<div class=\"elementor-column elementor-col-100 elementor-top-column elementor-element elementor-element-5c401e3 sc_inner_width_none sc_content_align_inherit sc_layouts_column_icons_position_left sc_fly_static\" data-id=\"5c401e3\" data-element_type=\"column\">\n\t\t\t<div class=\"elementor-widget-wrap elementor-element-populated\">\n\t\t\t\t\t\t<div class=\"elementor-element elementor-element-c38f0d5 sc_height_huge sc_fly_static elementor-widget elementor-widget-spacer\" data-id=\"c38f0d5\" data-element_type=\"widget\" data-widget_type=\"spacer.default\">\n\t\t\t\t<div class=\"elementor-widget-container\">\n\t\t\t\t\t<div class=\"elementor-spacer\">\n\t\t\t<div class=\"elementor-spacer-inner\"><\/div>\n\t\t<\/div>\n\t\t\t\t<\/div>\n\t\t\t\t<\/div>\n\t\t\t\t<div class=\"elementor-element elementor-element-7b950fc sc_fly_static elementor-widget elementor-widget-trx_sc_title\" data-id=\"7b950fc\" data-element_type=\"widget\" data-widget_type=\"trx_sc_title.default\">\n\t\t\t\t<div class=\"elementor-widget-container\">\n\t\t\t<div\t\tclass=\"sc_title sc_title_default\" ><h2 class=\"sc_item_title sc_title_title sc_align_center sc_item_title_style_default sc_item_title_tag\"\n\t\t\t><span class=\"sc_item_title_text\">OUR FACIAL CARE <\/span><\/h2><\/div>\t\t<\/div>\n\t\t\t\t<\/div>\n\t\t\t\t<div class=\"elementor-element elementor-element-b94ed60 sc_height_huge sc_fly_static elementor-widget elementor-widget-spacer\" data-id=\"b94ed60\" data-element_type=\"widget\" data-widget_type=\"spacer.default\">\n\t\t\t\t<div class=\"elementor-widget-container\">\n\t\t\t\t\t<div class=\"elementor-spacer\">\n\t\t\t<div class=\"elementor-spacer-inner\"><\/div>\n\t\t<\/div>\n\t\t\t\t<\/div>\n\t\t\t\t<\/div>\n\t\t\t\t<div class=\"elementor-element elementor-element-6f0543a sc_height_small sc_fly_static elementor-widget elementor-widget-spacer\" data-id=\"6f0543a\" data-element_type=\"widget\" data-widget_type=\"spacer.default\">\n\t\t\t\t<div class=\"elementor-widget-container\">\n\t\t\t\t\t<div class=\"elementor-spacer\">\n\t\t\t<div class=\"elementor-spacer-inner\"><\/div>\n\t\t<\/div>\n\t\t\t\t<\/div>\n\t\t\t\t<\/div>\n\t\t\t\t<div class=\"elementor-element elementor-element-b1dc6d4 animation_type_sequental sc_fly_static elementor-invisible elementor-widget elementor-widget-trx_sc_services\" data-id=\"b1dc6d4\" data-element_type=\"widget\" data-settings=\"{&quot;_animation&quot;:&quot;zensoul-fadeinup&quot;,&quot;_animation_delay&quot;:100}\" data-widget_type=\"trx_sc_services.default\">\n\t\t\t\t<div class=\"elementor-widget-container\">\n\t\t\t<div class=\"sc_services color_style_dark sc_services_qw-card sc_services_featured_top\"><div class=\"sc_services_columns_wrap sc_item_columns sc_item_posts_container sc_item_columns_2 trx_addons_columns_wrap columns_padding_bottom\"><div class=\"trx_addons_column-1_2\"><div data-post-id=\"4573\" class=\"sc_services_item sc_item_container post_container with_content sc_services_item_featured_none post-4573 cpt_services type-cpt_services status-publish has-post-thumbnail hentry cpt_services_group-medicine\" data-item-number=\"1\"\n>\n\t\t\n\n\t\t<div class=\"sc_services_item_header\">\n\t\t<h4 class=\"sc_services_item_title entry-title with_price\"><a href=\"https:\/\/yemayamarrakech.com\/en\/services\/jeunesse-eternelle-tout-type-de-peaux\/\">ETERNAL YOUTH \/ ALL SKIN TYPES<div class=\"sc_services_item_price\">60mn \/ 1200 MAD<\/div><\/a><\/h4>\n\t\t\t\t\t<\/div>\n\t\t\t\t<div class=\"sc_services_item_info\">\t\t\t\t<div class=\"sc_services_item_text\"><p>Rejuvenate your skin from the age of 30 with our anti-aging treatment. enriched with collagen and acid<br \/>\nhyaluronic, it smoothes wrinkles, firms and tones the skin for a luminous complexion. suitable for<br \/>\nall skin types. enhance your youth now!<\/p>\n<\/div><\/div><a class=\"sc_services_item_link\" href=\"https:\/\/yemayamarrakech.com\/en\/services\/jeunesse-eternelle-tout-type-de-peaux\/\"><\/a><\/div>\n<\/div><div class=\"trx_addons_column-1_2\"><div data-post-id=\"5133\" class=\"sc_services_item sc_item_container post_container with_content sc_services_item_featured_none post-5133 cpt_services type-cpt_services status-publish has-post-thumbnail hentry cpt_services_group-medicine\" data-item-number=\"2\"\n>\n\t\t\n\n\t\t<div class=\"sc_services_item_header\">\n\t\t<h4 class=\"sc_services_item_title entry-title with_price\"><a href=\"https:\/\/yemayamarrakech.com\/en\/services\/sebum-controle-peaux-grasses-mixtes\/\">SEBUM CONTROL \/ OILY &amp; COMBINATION SKIN<div class=\"sc_services_item_price\">60mn \/ 800 MAD<\/div><\/a><\/h4>\n\t\t\t\t\t<\/div>\n\t\t\t\t<div class=\"sc_services_item_info\">\t\t\t\t<div class=\"sc_services_item_text\"><p>Revitalize your skin in depth and protect it from external aggressions such as<br \/>\npollution thanks to our purifying treatment. by eliminating toxins, regulating excess sebum and<br \/>\nby preventing imperfections, this treatment is ideal for oily, acne-prone and combination skin.<br \/>\nget healthier, smoother, glowing skin.<\/p>\n<\/div><\/div><a class=\"sc_services_item_link\" href=\"https:\/\/yemayamarrakech.com\/en\/services\/sebum-controle-peaux-grasses-mixtes\/\"><\/a><\/div>\n<\/div><div class=\"trx_addons_column-1_2\"><div data-post-id=\"5134\" class=\"sc_services_item sc_item_container post_container with_content sc_services_item_featured_none post-5134 cpt_services type-cpt_services status-publish has-post-thumbnail hentry cpt_services_group-medicine\" data-item-number=\"3\"\n>\n\t\t\n\n\t\t<div class=\"sc_services_item_header\">\n\t\t<h4 class=\"sc_services_item_title entry-title with_price\"><a href=\"https:\/\/yemayamarrakech.com\/en\/services\/douceur-apaisante-peaux-sensibles\/\">SOOTHING SOFTNESS \/ SENSITIVE SKIN<div class=\"sc_services_item_price\">60mn \/ 800 MAD<\/div><\/a><\/h4>\n\t\t\t\t\t<\/div>\n\t\t\t\t<div class=\"sc_services_item_info\">\t\t\t\t<div class=\"sc_services_item_text\"><p>Find soft, comfortable and radiant skin using this treatment designed for skin<br \/>\nsensitive. its gentle and hypoallergenic formula deeply hydrates and soothes, highlighting<br \/>\nvalue the natural beauty of your skin.<\/p>\n<\/div><\/div><a class=\"sc_services_item_link\" href=\"https:\/\/yemayamarrakech.com\/en\/services\/douceur-apaisante-peaux-sensibles\/\"><\/a><\/div>\n<\/div><div class=\"trx_addons_column-1_2\"><div data-post-id=\"5136\" class=\"sc_services_item sc_item_container post_container with_content sc_services_item_featured_none post-5136 cpt_services type-cpt_services status-publish has-post-thumbnail hentry cpt_services_group-medicine\" data-item-number=\"4\"\n>\n\t\t\n\n\t\t<div class=\"sc_services_item_header\">\n\t\t<h4 class=\"sc_services_item_title entry-title with_price\"><a href=\"https:\/\/yemayamarrakech.com\/en\/services\/nydra-sublime-peaux-seches\/\">HYDRA SUBLIME<div class=\"sc_services_item_price\">60mn \/ 1000 MAD<\/div><\/a><\/h4>\n\t\t\t\t\t<\/div>\n\t\t\t\t<div class=\"sc_services_item_info\">\t\t\t\t<div class=\"sc_services_item_text\"><p>Maintain optimal hydration to nourish soften and protect your skin<br \/>\nthanks to the regenerating action of hyaluronic acid An intensive hydrating treatment can restore a youthful comfortable<br \/>\nand radiant appearance to your skin while reducing wrinkles and fine lines<\/p>\n<\/div><\/div><a class=\"sc_services_item_link\" href=\"https:\/\/yemayamarrakech.com\/en\/services\/nydra-sublime-peaux-seches\/\"><\/a><\/div>\n<\/div><div class=\"trx_addons_column-1_2\"><div data-post-id=\"37226\" class=\"sc_services_item sc_item_container post_container with_content sc_services_item_featured_none post-37226 cpt_services type-cpt_services status-publish has-post-thumbnail hentry cpt_services_group-medicine\" data-item-number=\"5\"\n>\n\t\t\n\n\t\t<div class=\"sc_services_item_header\">\n\t\t<h4 class=\"sc_services_item_title entry-title with_price\"><a href=\"https:\/\/yemayamarrakech.com\/en\/services\/eclat-lumiere-tout-type-de-peaux\/\">LIGHT RADIANCE \/ ALL SKIN TYPES<div class=\"sc_services_item_price\">60MN \/ 800 MAD<\/div><\/a><\/h4>\n\t\t\t\t\t<\/div>\n\t\t\t\t<div class=\"sc_services_item_info\">\t\t\t\t<div class=\"sc_services_item_text\"><p>Revitalize your skin with this personalized treatment that fights dull skin, uneven skin tone,<br \/>\nstress and fatigue. this treatment treats spots, stimulates blood circulation and brightens the<br \/>\nskin for a uniform and radiant complexion, while preventing their appearance.<\/p>\n<\/div><\/div><a class=\"sc_services_item_link\" href=\"https:\/\/yemayamarrakech.com\/en\/services\/eclat-lumiere-tout-type-de-peaux\/\"><\/a><\/div>\n<\/div><div class=\"trx_addons_column-1_2\"><div data-post-id=\"37227\" class=\"sc_services_item sc_item_container post_container with_content sc_services_item_featured_none post-37227 cpt_services type-cpt_services status-publish has-post-thumbnail hentry cpt_services_group-medicine\" data-item-number=\"6\"\n>\n\t\t\n\n\t\t<div class=\"sc_services_item_header\">\n\t\t<h4 class=\"sc_services_item_title entry-title with_price\"><a href=\"https:\/\/yemayamarrakech.com\/en\/services\/lift-regard-soin-contour-des-yeux\/\">LIFT LOOK \/ EYE CONTOUR TREATMENT<div class=\"sc_services_item_price\">30 MN \/ 500 MAD<\/div><\/a><\/h4>\n\t\t\t\t\t<\/div>\n\t\t\t\t<div class=\"sc_services_item_info\">\t\t\t\t<div class=\"sc_services_item_text\"><p>Enhance your look with the eye contour treatment, specially designed for the delicate area around the eyes. it reduces signs of fatigue and aging, fades dark circles and bags, decongests, smoothes the skin, stimulates circulation and brightens the eyes.<\/p>\n<\/div><\/div><a class=\"sc_services_item_link\" href=\"https:\/\/yemayamarrakech.com\/en\/services\/lift-regard-soin-contour-des-yeux\/\"><\/a><\/div>\n<\/div><\/div><\/div>\t\t<\/div>\n\t\t\t\t<\/div>\n\t\t\t\t<div class=\"elementor-element elementor-element-49774c2 sc_height_huge sc_fly_static elementor-widget elementor-widget-spacer\" data-id=\"49774c2\" data-element_type=\"widget\" data-widget_type=\"spacer.default\">\n\t\t\t\t<div class=\"elementor-widget-container\">\n\t\t\t\t\t<div class=\"elementor-spacer\">\n\t\t\t<div class=\"elementor-spacer-inner\"><\/div>\n\t\t<\/div>\n\t\t\t\t<\/div>\n\t\t\t\t<\/div>\n\t\t\t\t\t<\/div>\n\t\t<\/div>\n\t\t\t\t\t<\/div>\n\t\t<\/section>\n\t\t\t\t<\/div>","protected":false},"excerpt":{"rendered":"<p>NOS SOINS DE VISAGE JEUNESSE \u00c9TERNELLE \/ TOUT TYPE DE PEAUX60mn \/ 1200 MAD RAJEUNISSEZ VOTRE PEAU D\u00c8S 30 ANS AVEC NOTRE SOIN ANTI-\u00c2GE. ENRICHI EN COLLAG\u00c8NE ET ACIDE HYALURONIQUE,&hellip;<\/p>","protected":false},"author":1,"featured_media":0,"parent":34071,"menu_order":0,"comment_status":"closed","ping_status":"closed","template":"","meta":{"footnotes":""},"class_list":["post-37179","page","type-page","status-publish","hentry"],"_links":{"self":[{"href":"https:\/\/yemayamarrakech.com\/en\/wp-json\/wp\/v2\/pages\/37179","targetHints":{"allow":["GET"]}}],"collection":[{"href":"https:\/\/yemayamarrakech.com\/en\/wp-json\/wp\/v2\/pages"}],"about":[{"href":"https:\/\/yemayamarrakech.com\/en\/wp-json\/wp\/v2\/types\/page"}],"author":[{"embeddable":true,"href":"https:\/\/yemayamarrakech.com\/en\/wp-json\/wp\/v2\/users\/1"}],"replies":[{"embeddable":true,"href":"https:\/\/yemayamarrakech.com\/en\/wp-json\/wp\/v2\/comments?post=37179"}],"version-history":[{"count":17,"href":"https:\/\/yemayamarrakech.com\/en\/wp-json\/wp\/v2\/pages\/37179\/revisions"}],"predecessor-version":[{"id":37451,"href":"https:\/\/yemayamarrakech.com\/en\/wp-json\/wp\/v2\/pages\/37179\/revisions\/37451"}],"up":[{"embeddable":true,"href":"https:\/\/yemayamarrakech.com\/en\/wp-json\/wp\/v2\/pages\/34071"}],"wp:attachment":[{"href":"https:\/\/yemayamarrakech.com\/en\/wp-json\/wp\/v2\/media?parent=37179"}],"curies":[{"name":"wp","href":"https:\/\/api.w.org\/{rel}","templated":true}]}}