{"id":37378,"date":"2024-07-04T14:28:28","date_gmt":"2024-07-04T14:28:28","guid":{"rendered":"http:\/\/yemayamarrakech.com\/?page_id=37378"},"modified":"2024-07-04T14:40:01","modified_gmt":"2024-07-04T14:40:01","slug":"yemaya-silhouette","status":"publish","type":"page","link":"http:\/\/yemayamarrakech.com\/en\/yemaya-silhouette\/","title":{"rendered":"Yemaya Silhouette"},"content":{"rendered":"<div data-elementor-type=\"wp-page\" data-elementor-id=\"37378\" class=\"elementor elementor-37378\">\n\t\t\t\t\t\t<section class=\"elementor-section elementor-top-section elementor-element elementor-element-b2ef00b elementor-section-boxed elementor-section-height-default elementor-section-height-default sc_fly_static\" data-id=\"b2ef00b\" data-element_type=\"section\" data-settings=\"{&quot;background_background&quot;:&quot;classic&quot;}\">\n\t\t\t\t\t\t<div class=\"elementor-container elementor-column-gap-extended\">\n\t\t\t\t\t<div class=\"elementor-column elementor-col-100 elementor-top-column elementor-element elementor-element-63c0a40 sc_inner_width_none sc_content_align_inherit sc_layouts_column_icons_position_left sc_fly_static\" data-id=\"63c0a40\" data-element_type=\"column\">\n\t\t\t<div class=\"elementor-widget-wrap elementor-element-populated\">\n\t\t\t\t\t\t<div class=\"elementor-element elementor-element-455ee92 sc_height_huge sc_fly_static elementor-widget elementor-widget-spacer\" data-id=\"455ee92\" data-element_type=\"widget\" data-widget_type=\"spacer.default\">\n\t\t\t\t<div class=\"elementor-widget-container\">\n\t\t\t\t\t<div class=\"elementor-spacer\">\n\t\t\t<div class=\"elementor-spacer-inner\"><\/div>\n\t\t<\/div>\n\t\t\t\t<\/div>\n\t\t\t\t<\/div>\n\t\t\t\t<div class=\"elementor-element elementor-element-41a2cd2 sc_height_small sc_fly_static elementor-widget elementor-widget-spacer\" data-id=\"41a2cd2\" data-element_type=\"widget\" data-widget_type=\"spacer.default\">\n\t\t\t\t<div class=\"elementor-widget-container\">\n\t\t\t\t\t<div class=\"elementor-spacer\">\n\t\t\t<div class=\"elementor-spacer-inner\"><\/div>\n\t\t<\/div>\n\t\t\t\t<\/div>\n\t\t\t\t<\/div>\n\t\t\t\t<div class=\"elementor-element elementor-element-877758a animation_type_sequental e-transform sc_fly_static elementor-invisible elementor-widget elementor-widget-trx_sc_services\" data-id=\"877758a\" data-element_type=\"widget\" data-settings=\"{&quot;_animation&quot;:&quot;zensoul-fadeinup&quot;,&quot;_animation_delay&quot;:100,&quot;_transform_scale_effect&quot;:{&quot;unit&quot;:&quot;px&quot;,&quot;size&quot;:&quot;&quot;,&quot;sizes&quot;:[]},&quot;_transform_scale_effect_tablet&quot;:{&quot;unit&quot;:&quot;px&quot;,&quot;size&quot;:&quot;&quot;,&quot;sizes&quot;:[]},&quot;_transform_scale_effect_mobile&quot;:{&quot;unit&quot;:&quot;px&quot;,&quot;size&quot;:&quot;&quot;,&quot;sizes&quot;:[]}}\" data-widget_type=\"trx_sc_services.default\">\n\t\t\t\t<div class=\"elementor-widget-container\">\n\t\t\t<div class=\"sc_services color_style_dark sc_services_qw-card sc_services_featured_top\"><div class=\"sc_services_content sc_item_content sc_item_posts_container sc_item_columns_1\"><div data-post-id=\"37254\" class=\"sc_services_item sc_item_container post_container with_content sc_services_item_featured_none post-37254 cpt_services type-cpt_services status-publish hentry cpt_services_group-yemaya-silnouette\" data-item-number=\"1\"\n>\n\t\t\n\n\t\t<div class=\"sc_services_item_header\">\n\t\t<h4 class=\"sc_services_item_title entry-title with_price\"><a href=\"http:\/\/yemayamarrakech.com\/en\/services\/yemaya-silnouette\/\">YEMAYA SILHOUETTE<div class=\"sc_services_item_price\">2H \/ 1250 MAD<\/div><\/a><\/h4>\n\t\t\t\t\t<\/div>\n\t\t\t\t<div class=\"sc_services_item_info\">\t\t\t\t<div class=\"sc_services_item_text\"><p>Yemaya silhouette is a slimming and beauty treatment inspired by the goddess Yemaya. this treatment combines the benefits of marine algae and essential oils for a relaxing and effective experience<\/p>\n<p>yemaya silhouette allows you to: <\/p>\n<p>=&gt; refine the silhouette<br \/>\n=&gt; firm the skin<br \/>\n=&gt; eliminate toxins<br \/>\n=&gt; triple active seaweed wrap + 1 hour slimming massage<\/p>\n<\/div><\/div><a class=\"sc_services_item_link\" href=\"http:\/\/yemayamarrakech.com\/en\/services\/yemaya-silnouette\/\"><\/a><\/div>\n<\/div><\/div>\t\t<\/div>\n\t\t\t\t<\/div>\n\t\t\t\t<div class=\"elementor-element elementor-element-24b65dc sc_height_huge sc_fly_static elementor-widget elementor-widget-spacer\" data-id=\"24b65dc\" data-element_type=\"widget\" data-widget_type=\"spacer.default\">\n\t\t\t\t<div class=\"elementor-widget-container\">\n\t\t\t\t\t<div class=\"elementor-spacer\">\n\t\t\t<div class=\"elementor-spacer-inner\"><\/div>\n\t\t<\/div>\n\t\t\t\t<\/div>\n\t\t\t\t<\/div>\n\t\t\t\t\t<\/div>\n\t\t<\/div>\n\t\t\t\t\t<\/div>\n\t\t<\/section>\n\t\t\t\t<\/div>","protected":false},"excerpt":{"rendered":"<p>YEMAYA SILHOUETTE2H \/ 1250 MAD YEMAYA SILHOUETTE EST UN SOIN MINCEUR ET BEAUT\u00c9 INSPIR\u00c9 PAR LA D\u00c9ESSE YEMAYA. CE SOIN COMBINE LES BIENFAITS DES ALGUES MARINES ET DES HUILES ESSENTIELLES&hellip;<\/p>","protected":false},"author":1,"featured_media":0,"parent":0,"menu_order":0,"comment_status":"closed","ping_status":"closed","template":"","meta":{"footnotes":""},"class_list":["post-37378","page","type-page","status-publish","hentry"],"_links":{"self":[{"href":"http:\/\/yemayamarrakech.com\/en\/wp-json\/wp\/v2\/pages\/37378","targetHints":{"allow":["GET"]}}],"collection":[{"href":"http:\/\/yemayamarrakech.com\/en\/wp-json\/wp\/v2\/pages"}],"about":[{"href":"http:\/\/yemayamarrakech.com\/en\/wp-json\/wp\/v2\/types\/page"}],"author":[{"embeddable":true,"href":"http:\/\/yemayamarrakech.com\/en\/wp-json\/wp\/v2\/users\/1"}],"replies":[{"embeddable":true,"href":"http:\/\/yemayamarrakech.com\/en\/wp-json\/wp\/v2\/comments?post=37378"}],"version-history":[{"count":7,"href":"http:\/\/yemayamarrakech.com\/en\/wp-json\/wp\/v2\/pages\/37378\/revisions"}],"predecessor-version":[{"id":37398,"href":"http:\/\/yemayamarrakech.com\/en\/wp-json\/wp\/v2\/pages\/37378\/revisions\/37398"}],"wp:attachment":[{"href":"http:\/\/yemayamarrakech.com\/en\/wp-json\/wp\/v2\/media?parent=37378"}],"curies":[{"name":"wp","href":"https:\/\/api.w.org\/{rel}","templated":true}]}}