{"id":34071,"date":"2023-09-14T13:46:38","date_gmt":"2023-09-14T13:46:38","guid":{"rendered":"http:\/\/yemayamarrakech.com\/wishlist-page-copy\/"},"modified":"2024-07-04T14:33:45","modified_gmt":"2024-07-04T14:33:45","slug":"bienvenueauyemayaspavotre-sanctuairedeserenite","status":"publish","type":"page","link":"http:\/\/yemayamarrakech.com\/en\/bienvenueauyemayaspavotre-sanctuairedeserenite\/","title":{"rendered":"Bienvenue au Yemaya Spa, votre Sanctuaire de S\u00e9r\u00e9nit\u00e9."},"content":{"rendered":"<div data-elementor-type=\"wp-page\" data-elementor-id=\"34071\" class=\"elementor elementor-34071\">\n\t\t\t\t\t\t<section class=\"elementor-section elementor-top-section elementor-element elementor-element-16ef79be elementor-section-boxed elementor-section-height-default elementor-section-height-default sc_fly_static\" data-id=\"16ef79be\" data-element_type=\"section\">\n\t\t\t\t\t\t<div class=\"elementor-container elementor-column-gap-extended\">\n\t\t\t\t\t<div class=\"elementor-column elementor-col-100 elementor-top-column elementor-element elementor-element-8d36729 sc_inner_width_none sc_content_align_inherit sc_layouts_column_icons_position_left sc_fly_static\" data-id=\"8d36729\" data-element_type=\"column\">\n\t\t\t<div class=\"elementor-widget-wrap elementor-element-populated\">\n\t\t\t\t\t\t<div class=\"elementor-element elementor-element-d45be0f sc_height_huge sc_fly_static elementor-widget elementor-widget-spacer\" data-id=\"d45be0f\" data-element_type=\"widget\" data-widget_type=\"spacer.default\">\n\t\t\t\t<div class=\"elementor-widget-container\">\n\t\t\t\t\t<div class=\"elementor-spacer\">\n\t\t\t<div class=\"elementor-spacer-inner\"><\/div>\n\t\t<\/div>\n\t\t\t\t<\/div>\n\t\t\t\t<\/div>\n\t\t\t\t<div class=\"elementor-element elementor-element-8444801 sc_height_huge sc_fly_static elementor-widget elementor-widget-spacer\" data-id=\"8444801\" data-element_type=\"widget\" data-widget_type=\"spacer.default\">\n\t\t\t\t<div class=\"elementor-widget-container\">\n\t\t\t\t\t<div class=\"elementor-spacer\">\n\t\t\t<div class=\"elementor-spacer-inner\"><\/div>\n\t\t<\/div>\n\t\t\t\t<\/div>\n\t\t\t\t<\/div>\n\t\t\t\t<div class=\"elementor-element elementor-element-6bd3341 sc_height_small sc_fly_static elementor-widget elementor-widget-spacer\" data-id=\"6bd3341\" data-element_type=\"widget\" data-widget_type=\"spacer.default\">\n\t\t\t\t<div class=\"elementor-widget-container\">\n\t\t\t\t\t<div class=\"elementor-spacer\">\n\t\t\t<div class=\"elementor-spacer-inner\"><\/div>\n\t\t<\/div>\n\t\t\t\t<\/div>\n\t\t\t\t<\/div>\n\t\t\t\t<div class=\"elementor-element elementor-element-4cc5b64 sc_height_huge sc_fly_static elementor-widget elementor-widget-spacer\" data-id=\"4cc5b64\" data-element_type=\"widget\" data-widget_type=\"spacer.default\">\n\t\t\t\t<div class=\"elementor-widget-container\">\n\t\t\t\t\t<div class=\"elementor-spacer\">\n\t\t\t<div class=\"elementor-spacer-inner\"><\/div>\n\t\t<\/div>\n\t\t\t\t<\/div>\n\t\t\t\t<\/div>\n\t\t\t\t<div class=\"elementor-element elementor-element-117c6c53 sc_fly_static elementor-widget elementor-widget-text-editor\" data-id=\"117c6c53\" data-element_type=\"widget\" data-widget_type=\"text-editor.default\">\n\t\t\t\t<div class=\"elementor-widget-container\">\n\t\t\t\t\t\t\t<h2 style=\"text-align: center;\">Welcome to Yemaya your sanctuary of serenity<\/h2><p>\u00a0<\/p><p>\u00a0<\/p><p>Inspired by the timeless beauty of Moroccan architecture, the Yemaya spa, named in honor of the African goddess of fresh water, is an invitation to reconnect with yourself. Nestled in the heart of the Hivernage district, our well-being sanctuary luxuriously extends over an area of \u200b\u200b1200 m\u00b2. We harmoniously combine the rich Moroccan culture with the calming essence of Thailand.<\/p><p>Whether you are attracted by the mystery of an ancestral hammam ritual or traditional Thai massage techniques, the Yemaya Spa promises you an experience of deep tranquility and an awakening of spiritual serenity, and highlights the treasures of Moroccan nature with treatments made from 100% natural luxury products.<\/p>\t\t\t\t\t\t<\/div>\n\t\t\t\t<\/div>\n\t\t\t\t<div class=\"elementor-element elementor-element-4284f166 sc_height_huge sc_fly_static elementor-widget elementor-widget-spacer\" data-id=\"4284f166\" data-element_type=\"widget\" data-widget_type=\"spacer.default\">\n\t\t\t\t<div class=\"elementor-widget-container\">\n\t\t\t\t\t<div class=\"elementor-spacer\">\n\t\t\t<div class=\"elementor-spacer-inner\"><\/div>\n\t\t<\/div>\n\t\t\t\t<\/div>\n\t\t\t\t<\/div>\n\t\t\t\t\t<\/div>\n\t\t<\/div>\n\t\t\t\t\t<\/div>\n\t\t<\/section>\n\t\t\t\t<section class=\"elementor-section elementor-top-section elementor-element elementor-element-11a21217 elementor-section-boxed elementor-section-height-default elementor-section-height-default sc_fly_static\" data-id=\"11a21217\" data-element_type=\"section\">\n\t\t\t\t\t\t<div class=\"elementor-container elementor-column-gap-extended\">\n\t\t\t\t\t<div class=\"elementor-column elementor-col-100 elementor-top-column elementor-element elementor-element-5a96d702 sc_inner_width_none sc_content_align_inherit sc_layouts_column_icons_position_left sc_fly_static\" data-id=\"5a96d702\" data-element_type=\"column\">\n\t\t\t<div class=\"elementor-widget-wrap elementor-element-populated\">\n\t\t\t\t\t\t<div class=\"elementor-element elementor-element-8612055 sc_fly_static elementor-widget elementor-widget-trx_sc_title\" data-id=\"8612055\" data-element_type=\"widget\" data-widget_type=\"trx_sc_title.default\">\n\t\t\t\t<div class=\"elementor-widget-container\">\n\t\t\t<div\t\tclass=\"sc_title sc_title_default\" ><h6 class=\"sc_item_title sc_title_title sc_item_title_style_default sc_item_title_tag\"\n\t\t\t><span class=\"sc_item_title_text\">MOROCCAN HAMMAM \u201cArt &amp; Tradition\u201d <\/span><\/h6><\/div>\t\t<\/div>\n\t\t\t\t<\/div>\n\t\t\t\t<div class=\"elementor-element elementor-element-f15e798 sc_height_tiny sc_fly_static elementor-widget elementor-widget-spacer\" data-id=\"f15e798\" data-element_type=\"widget\" data-widget_type=\"spacer.default\">\n\t\t\t\t<div class=\"elementor-widget-container\">\n\t\t\t\t\t<div class=\"elementor-spacer\">\n\t\t\t<div class=\"elementor-spacer-inner\"><\/div>\n\t\t<\/div>\n\t\t\t\t<\/div>\n\t\t\t\t<\/div>\n\t\t\t\t<div class=\"elementor-element elementor-element-390168d sc_fly_static elementor-widget elementor-widget-text-editor\" data-id=\"390168d\" data-element_type=\"widget\" data-widget_type=\"text-editor.default\">\n\t\t\t\t<div class=\"elementor-widget-container\">\n\t\t\t\t\t\t\t<p>At the heart of Yemaya Spa, you are invited to explore the authenticity and refinement of our hammam, an essential treatment in our Moroccan culture, specially designed to honor ancestral rituals of relaxation and body care.<\/p><p>The feminine space, with an area of \u200b\u200b170 m\u00b2, is an oasis of tranquility where our scrub tables, steam cabins and private jacuzzi invite you to an unforgettable sensory journey. It is an invitation to recharge your batteries and take care of yourself in a preserved intimacy.<\/p><p>The male domain, which covers 206 m\u00b2, is a refuge designed for well-being, with traditional exfoliation facilities, a purifying hammam and a jacuzzi where luxury and serenity combine. It is the ideal space to relax, eliminate stress and renew your energy.<\/p><p>Chaque \u00e9l\u00e9ment de nos hammams a \u00e9t\u00e9 pens\u00e9 pour garantir une exp\u00e9rience de d\u00e9tente profonde et authentique, o\u00f9 le corps et l\u2019esprit retrouvent \u00e9quilibre et harmonie.<\/p>\t\t\t\t\t\t<\/div>\n\t\t\t\t<\/div>\n\t\t\t\t<div class=\"elementor-element elementor-element-3f5ea33d sc_height_huge sc_fly_static elementor-widget elementor-widget-spacer\" data-id=\"3f5ea33d\" data-element_type=\"widget\" data-widget_type=\"spacer.default\">\n\t\t\t\t<div class=\"elementor-widget-container\">\n\t\t\t\t\t<div class=\"elementor-spacer\">\n\t\t\t<div class=\"elementor-spacer-inner\"><\/div>\n\t\t<\/div>\n\t\t\t\t<\/div>\n\t\t\t\t<\/div>\n\t\t\t\t<div class=\"elementor-element elementor-element-352c3ec sc_fly_static elementor-widget elementor-widget-trx_sc_title\" data-id=\"352c3ec\" data-element_type=\"widget\" data-widget_type=\"trx_sc_title.default\">\n\t\t\t\t<div class=\"elementor-widget-container\">\n\t\t\t<div\t\tclass=\"sc_title sc_title_default\" ><h6 class=\"sc_item_title sc_title_title sc_item_title_style_default sc_item_title_tag\"\n\t\t\t><span class=\"sc_item_title_text\">\u201cBeauty &amp; Well-being\u201d TREATMENT BOOTH<\/span><\/h6><\/div>\t\t<\/div>\n\t\t\t\t<\/div>\n\t\t\t\t\t<\/div>\n\t\t<\/div>\n\t\t\t\t\t<\/div>\n\t\t<\/section>\n\t\t\t\t<section class=\"elementor-section elementor-top-section elementor-element elementor-element-492644c elementor-section-boxed elementor-section-height-default elementor-section-height-default sc_fly_static\" data-id=\"492644c\" data-element_type=\"section\">\n\t\t\t\t\t\t<div class=\"elementor-container elementor-column-gap-extended\">\n\t\t\t\t\t<div class=\"elementor-column elementor-col-100 elementor-top-column elementor-element elementor-element-1edbb00 sc_inner_width_none sc_content_align_inherit sc_layouts_column_icons_position_left sc_fly_static\" data-id=\"1edbb00\" data-element_type=\"column\">\n\t\t\t<div class=\"elementor-widget-wrap elementor-element-populated\">\n\t\t\t\t\t\t<div class=\"elementor-element elementor-element-163a287 sc_height_tiny sc_fly_static elementor-widget elementor-widget-spacer\" data-id=\"163a287\" data-element_type=\"widget\" data-widget_type=\"spacer.default\">\n\t\t\t\t<div class=\"elementor-widget-container\">\n\t\t\t\t\t<div class=\"elementor-spacer\">\n\t\t\t<div class=\"elementor-spacer-inner\"><\/div>\n\t\t<\/div>\n\t\t\t\t<\/div>\n\t\t\t\t<\/div>\n\t\t\t\t<div class=\"elementor-element elementor-element-747f1ca sc_fly_static elementor-widget elementor-widget-text-editor\" data-id=\"747f1ca\" data-element_type=\"widget\" data-widget_type=\"text-editor.default\">\n\t\t\t\t<div class=\"elementor-widget-container\">\n\t\t\t\t\t\t\t<p>Nos onze cabines de soins, dot\u00e9es d\u2019\u00e9quipements de pointe, sont con\u00e7ues pour offrir une intimit\u00e9 et un confort exceptionnel. De la suite double priv\u00e9e, avec sa baignoire baln\u00e9o, \u00e0 la cabineam\u00e9nag\u00e9e dans le style asiatique tha\u00eflandais pour vous plonger imm\u00e9diatement dans une ambiance zen et relaxante. Chaqueespace est une invitation \u00e0 vivre des soins esth\u00e9tiques et des massages qui transcenderont vos attentes, r\u00e9alis\u00e9s avec une attention et un savoir-faire in\u00e9gal\u00e9.<\/p>\t\t\t\t\t\t<\/div>\n\t\t\t\t<\/div>\n\t\t\t\t<div class=\"elementor-element elementor-element-f6f9b7d sc_height_huge sc_fly_static elementor-widget elementor-widget-spacer\" data-id=\"f6f9b7d\" data-element_type=\"widget\" data-widget_type=\"spacer.default\">\n\t\t\t\t<div class=\"elementor-widget-container\">\n\t\t\t\t\t<div class=\"elementor-spacer\">\n\t\t\t<div class=\"elementor-spacer-inner\"><\/div>\n\t\t<\/div>\n\t\t\t\t<\/div>\n\t\t\t\t<\/div>\n\t\t\t\t\t<\/div>\n\t\t<\/div>\n\t\t\t\t\t<\/div>\n\t\t<\/section>\n\t\t\t\t<section class=\"elementor-section elementor-top-section elementor-element elementor-element-700e881 elementor-section-boxed elementor-section-height-default elementor-section-height-default sc_fly_static\" data-id=\"700e881\" data-element_type=\"section\">\n\t\t\t\t\t\t<div class=\"elementor-container elementor-column-gap-extended\">\n\t\t\t\t\t<div class=\"elementor-column elementor-col-100 elementor-top-column elementor-element elementor-element-3c96db9 sc_inner_width_none sc_content_align_inherit sc_layouts_column_icons_position_left sc_fly_static\" data-id=\"3c96db9\" data-element_type=\"column\">\n\t\t\t<div class=\"elementor-widget-wrap elementor-element-populated\">\n\t\t\t\t\t\t<div class=\"elementor-element elementor-element-cd5ae10 sc_fly_static elementor-widget elementor-widget-trx_sc_title\" data-id=\"cd5ae10\" data-element_type=\"widget\" data-widget_type=\"trx_sc_title.default\">\n\t\t\t\t<div class=\"elementor-widget-container\">\n\t\t\t<div\t\tclass=\"sc_title sc_title_default\" ><h6 class=\"sc_item_title sc_title_title sc_item_title_style_default sc_item_title_tag\"\n\t\t\t><span class=\"sc_item_title_text\">ESPACE DE RELAXATION \u00ab D\u00e9tente Absolu \u00bb<\/span><\/h6><\/div>\t\t<\/div>\n\t\t\t\t<\/div>\n\t\t\t\t<div class=\"elementor-element elementor-element-db960e5 sc_height_tiny sc_fly_static elementor-widget elementor-widget-spacer\" data-id=\"db960e5\" data-element_type=\"widget\" data-widget_type=\"spacer.default\">\n\t\t\t\t<div class=\"elementor-widget-container\">\n\t\t\t\t\t<div class=\"elementor-spacer\">\n\t\t\t<div class=\"elementor-spacer-inner\"><\/div>\n\t\t<\/div>\n\t\t\t\t<\/div>\n\t\t\t\t<\/div>\n\t\t\t\t<div class=\"elementor-element elementor-element-6c9a7cf sc_fly_static elementor-widget elementor-widget-text-editor\" data-id=\"6c9a7cf\" data-element_type=\"widget\" data-widget_type=\"text-editor.default\">\n\t\t\t\t<div class=\"elementor-widget-container\">\n\t\t\t\t\t\t\t<p>Enter a world of absolute relaxation around our 95 m\u00b2 heated indoor swimming pool. The relaxation area and herbal tea room offer an ideal place for a break and rejuvenation after your treatments, where each moment spent is a caress for the soul, a moment of inner peace.<\/p>\t\t\t\t\t\t<\/div>\n\t\t\t\t<\/div>\n\t\t\t\t\t<\/div>\n\t\t<\/div>\n\t\t\t\t\t<\/div>\n\t\t<\/section>\n\t\t\t\t<section class=\"elementor-section elementor-top-section elementor-element elementor-element-4f3f04e elementor-section-boxed elementor-section-height-default elementor-section-height-default sc_fly_static\" data-id=\"4f3f04e\" data-element_type=\"section\">\n\t\t\t\t\t\t<div class=\"elementor-container elementor-column-gap-extended\">\n\t\t\t\t\t<div class=\"elementor-column elementor-col-100 elementor-top-column elementor-element elementor-element-c1b5797 sc_inner_width_none sc_content_align_inherit sc_layouts_column_icons_position_left sc_fly_static\" data-id=\"c1b5797\" data-element_type=\"column\">\n\t\t\t<div class=\"elementor-widget-wrap elementor-element-populated\">\n\t\t\t\t\t\t<div class=\"elementor-element elementor-element-efea3d6 sc_height_huge sc_fly_static elementor-widget elementor-widget-spacer\" data-id=\"efea3d6\" data-element_type=\"widget\" data-widget_type=\"spacer.default\">\n\t\t\t\t<div class=\"elementor-widget-container\">\n\t\t\t\t\t<div class=\"elementor-spacer\">\n\t\t\t<div class=\"elementor-spacer-inner\"><\/div>\n\t\t<\/div>\n\t\t\t\t<\/div>\n\t\t\t\t<\/div>\n\t\t\t\t<div class=\"elementor-element elementor-element-7c9c71e sc_fly_static elementor-widget elementor-widget-trx_sc_title\" data-id=\"7c9c71e\" data-element_type=\"widget\" data-widget_type=\"trx_sc_title.default\">\n\t\t\t\t<div class=\"elementor-widget-container\">\n\t\t\t<div\t\tclass=\"sc_title sc_title_default\" ><h6 class=\"sc_item_title sc_title_title sc_item_title_style_default sc_item_title_tag\"\n\t\t\t><span class=\"sc_item_title_text\">\u201cHealth &amp; Balance\u201d GYM<\/span><\/h6><\/div>\t\t<\/div>\n\t\t\t\t<\/div>\n\t\t\t\t<div class=\"elementor-element elementor-element-3ffe7d0 sc_height_tiny sc_fly_static elementor-widget elementor-widget-spacer\" data-id=\"3ffe7d0\" data-element_type=\"widget\" data-widget_type=\"spacer.default\">\n\t\t\t\t<div class=\"elementor-widget-container\">\n\t\t\t\t\t<div class=\"elementor-spacer\">\n\t\t\t<div class=\"elementor-spacer-inner\"><\/div>\n\t\t<\/div>\n\t\t\t\t<\/div>\n\t\t\t\t<\/div>\n\t\t\t\t<div class=\"elementor-element elementor-element-dc5b553 sc_fly_static elementor-widget elementor-widget-text-editor\" data-id=\"dc5b553\" data-element_type=\"widget\" data-widget_type=\"text-editor.default\">\n\t\t\t\t<div class=\"elementor-widget-container\">\n\t\t\t\t\t\t\t<p>Our gym is a temple dedicated to physical fitness and mental well-being for your health. Equipped with the most advanced technologies, it represents Yemaya Spa\u2019s commitment to your balance. It is a space where energy is renewed, where every effort is transformed into well-being.<\/p>\t\t\t\t\t\t<\/div>\n\t\t\t\t<\/div>\n\t\t\t\t<div class=\"elementor-element elementor-element-2f8f979 sc_height_small sc_fly_static elementor-widget elementor-widget-spacer\" data-id=\"2f8f979\" data-element_type=\"widget\" data-widget_type=\"spacer.default\">\n\t\t\t\t<div class=\"elementor-widget-container\">\n\t\t\t\t\t<div class=\"elementor-spacer\">\n\t\t\t<div class=\"elementor-spacer-inner\"><\/div>\n\t\t<\/div>\n\t\t\t\t<\/div>\n\t\t\t\t<\/div>\n\t\t\t\t<div class=\"elementor-element elementor-element-c92d2e7 sc_height_huge sc_fly_static elementor-widget elementor-widget-spacer\" data-id=\"c92d2e7\" data-element_type=\"widget\" data-widget_type=\"spacer.default\">\n\t\t\t\t<div class=\"elementor-widget-container\">\n\t\t\t\t\t<div class=\"elementor-spacer\">\n\t\t\t<div class=\"elementor-spacer-inner\"><\/div>\n\t\t<\/div>\n\t\t\t\t<\/div>\n\t\t\t\t<\/div>\n\t\t\t\t\t<\/div>\n\t\t<\/div>\n\t\t\t\t\t<\/div>\n\t\t<\/section>\n\t\t\t\t<section class=\"elementor-section elementor-top-section elementor-element elementor-element-8aae5d9 elementor-section-boxed elementor-section-height-default elementor-section-height-default sc_fly_static\" data-id=\"8aae5d9\" data-element_type=\"section\">\n\t\t\t\t\t\t<div class=\"elementor-container elementor-column-gap-extended\">\n\t\t\t\t\t<div class=\"elementor-column elementor-col-100 elementor-top-column elementor-element elementor-element-fa1d632 sc_inner_width_none sc_content_align_inherit sc_layouts_column_icons_position_left sc_fly_static\" data-id=\"fa1d632\" data-element_type=\"column\">\n\t\t\t<div class=\"elementor-widget-wrap\">\n\t\t\t\t\t\t\t<\/div>\n\t\t<\/div>\n\t\t\t\t\t<\/div>\n\t\t<\/section>\n\t\t\t\t<\/div>","protected":false},"excerpt":{"rendered":"<p>Bienvenue au Yemaya votre sanctuaire de s\u00e9r\u00e9nit\u00e9 \u00a0 \u00a0 Inspir\u00e9 par la beaut\u00e9 intemporelle de l&#8217;architecture marocaine, le spa Yemaya,nomm\u00e9 en l&#8217;honneur de la d\u00e9esse africaine des eaux douces, est&hellip;<\/p>","protected":false},"author":1,"featured_media":0,"parent":0,"menu_order":0,"comment_status":"closed","ping_status":"closed","template":"","meta":{"footnotes":""},"class_list":["post-34071","page","type-page","status-publish","hentry"],"_links":{"self":[{"href":"http:\/\/yemayamarrakech.com\/en\/wp-json\/wp\/v2\/pages\/34071","targetHints":{"allow":["GET"]}}],"collection":[{"href":"http:\/\/yemayamarrakech.com\/en\/wp-json\/wp\/v2\/pages"}],"about":[{"href":"http:\/\/yemayamarrakech.com\/en\/wp-json\/wp\/v2\/types\/page"}],"author":[{"embeddable":true,"href":"http:\/\/yemayamarrakech.com\/en\/wp-json\/wp\/v2\/users\/1"}],"replies":[{"embeddable":true,"href":"http:\/\/yemayamarrakech.com\/en\/wp-json\/wp\/v2\/comments?post=34071"}],"version-history":[{"count":50,"href":"http:\/\/yemayamarrakech.com\/en\/wp-json\/wp\/v2\/pages\/34071\/revisions"}],"predecessor-version":[{"id":37389,"href":"http:\/\/yemayamarrakech.com\/en\/wp-json\/wp\/v2\/pages\/34071\/revisions\/37389"}],"wp:attachment":[{"href":"http:\/\/yemayamarrakech.com\/en\/wp-json\/wp\/v2\/media?parent=34071"}],"curies":[{"name":"wp","href":"https:\/\/api.w.org\/{rel}","templated":true}]}}